{"id":19655,"date":"2023-10-27T13:39:38","date_gmt":"2023-10-27T11:39:38","guid":{"rendered":"https:\/\/amaikapruebak.gege.es\/eus\/?page_id=19655"},"modified":"2023-12-18T11:09:54","modified_gmt":"2023-12-18T10:09:54","slug":"lege-oharra","status":"publish","type":"page","link":"https:\/\/amaikapruebak.gege.es\/eus\/lege-oharra\/","title":{"rendered":"Lege oharra"},"content":{"rendered":"<p><strong>DATOS IDENTIFICATIVOS<\/strong><\/p>\n<p>Est\u00e1 visitando la p\u00e1gina web\u00a0<a href=\"https:\/\/amaikapruebak.gege.es\" target=\"_self\" rel=\"noopener\"><strong>amaika.eus<\/strong><\/a>\u00a0, cuyo titular es\u00a0<strong>Amaika<\/strong>. Datos del titular son:<\/p>\n<ul>\n<li><strong>Titular:\u00a0<\/strong>M\u00aa Carmen Irastorza Alustia y otro Cb<\/li>\n<li><strong>Nif:\u00a0<\/strong>E75191338<\/li>\n<li><strong>Domicilio Social:\u00a0<\/strong>Gudari 9 bajo, 20400 Tolosa, Gipuzkoa.<\/li>\n<li><strong>Tel\u00e9fono:<\/strong> 943 655 675<\/li>\n<li><strong>Correo electr\u00f3nico:<\/strong>\u00a0<a href=\"mailto:amaika@amaika.eus\" target=\"_self\" rel=\"noopener\">amaika@amaika.eus<\/a><\/li>\n<\/ul>\n<p>&nbsp;<\/p>\n<p><strong>HOSPEDAJE WEB<\/strong><\/p>\n<p><strong>Hospedajes y Dominios S.L<br \/>\n<\/strong>Calle Obispo Osmundo n-7-4-B<br \/>\n24400 Ponferrada (Le\u00f3n)<\/p>\n<p><strong>CONDICIONES DE USO<\/strong><\/p>\n<p>El uso del sitio web <a href=\"https:\/\/amaikapruebak.gege.es\" target=\"_self\" rel=\"noopener\"><strong>amaika.eus<\/strong><\/a>\u00a0se rige por las normas establecidas en el presente aviso legal. Con su utilizaci\u00f3n, usted acepta las condiciones de uso establecidas en el aviso legal. El acceso y\/o uso de esta p\u00e1gina web del titular atribuye la condici\u00f3n de usuario, que acepta, desde dicho acceso y\/o uso, las condiciones generales de uso aqu\u00ed reflejadas. Si no estuviera conforme con todas y cada una de estas cl\u00e1usulas y condiciones abst\u00e9ngase de utilizar este sitio web.<\/p>\n<p>A trav\u00e9s de este sitio web,\u00a0<strong>Amaika<\/strong> le facilita el acceso y la utilizaci\u00f3n de diversos contenidos que <strong>Amaika<\/strong>\u00a0o sus colaboradores han publicado por medio de Internet. A tal efecto, usted est\u00e1 obligado y se compromete a no utilizar cualquiera de los contenidos del sitio web con fines o efectos il\u00edcitos, prohibidos en este aviso legal o por la legislaci\u00f3n vigente, lesivos de los derechos e intereses de terceros, o que de cualquier forma puedan da\u00f1ar, inutilizar, sobrecargar, deteriorar o impedir la normal utilizaci\u00f3n de los contenidos, los equipos inform\u00e1ticos o los documentos, archivos y toda clase de contenidos almacenados en cualquier equipo inform\u00e1tico propios o contratados por el titular, de otros usuarios o de cualquier usuario de Internet.<\/p>\n<p><strong>Amaika<\/strong> tiene el derecho de retirar todos aquellos comentarios y aportaciones que vulneren el respeto a la dignidad de la persona, que sean discriminatorios, xen\u00f3fobos, racistas, pornogr\u00e1ficos, que atenten contra la juventud o la infancia, el orden o la seguridad p\u00fablica o que, a su juicio, no sean adecuados para su publicaci\u00f3n. En cualquier caso, <strong>Amaika<\/strong>\u00a0no ser\u00e1 responsable de las opiniones vertidas por los usuarios a trav\u00e9s de los foros, chats, u otras herramientas de participaci\u00f3n.<\/p>\n<p><strong>EXCLUSI\u00d3N DE GARANT\u00cdAS Y RESPONSABILIDAD<\/strong><\/p>\n<p><strong>Amaika<\/strong> es propietario de todos los derechos de propiedad intelectual e industrial de su p\u00e1gina web, as\u00ed como de los elementos contenidos en la misma (a t\u00edtulo enunciativo: im\u00e1genes, fotograf\u00edas, sonido, audio, v\u00eddeo, software o textos; marcas o logotipos, combinaciones de colores, estructura y dise\u00f1o, selecci\u00f3n de materiales usados, programas de ordenador necesarios para su funcionamiento, acceso, y uso, etc.), titularidad de <strong>Amaika<\/strong>\u00a0o de sus licenciantes.<\/p>\n<p>De acuerdo con lo establecido en los art\u00edculos 8 y 32.1, p\u00e1rrafo segundo, de la Ley de Propiedad Intelectual, quedan expresamente prohibidas la reproducci\u00f3n, la distribuci\u00f3n y la comunicaci\u00f3n p\u00fablica, incluida su modalidad de puesta a disposici\u00f3n, de la totalidad o parte de los contenidos de esta p\u00e1gina web, con fines comerciales, en cualquier soporte y por cualquier medio t\u00e9cnico, sin la autorizaci\u00f3n del titular.<\/p>\n<p>El usuario se compromete a respetar los derechos de Propiedad Intelectual e Industrial titularidad de <strong>Amaika<\/strong><strong>.<\/strong> Podr\u00e1 visualizar los elementos del portal e incluso imprimirlos, copiarlos y almacenarlos en el disco duro de su ordenador o en cualquier otro soporte f\u00edsico siempre y cuando sea, \u00fanica y exclusivamente, para su uso personal y privado. El usuario no podr\u00e1 suprimir, alterar, eludir o manipular cualquier dispositivo de protecci\u00f3n o sistema de seguridad que estuviera instalado en las p\u00e1ginas de <strong>Amaika<\/strong><strong>.<\/strong><\/p>\n<p><strong>CONDICIONES DE USO<\/strong><\/p>\n<p><strong>Amaika<\/strong> queda excluida de cualquier responsabilidad respecto a la informaci\u00f3n que se halle fuera de esta web y que no sea gestionada directamente por nuestro\/a webmaster. La funci\u00f3n de los enlaces que aparecen en esta p\u00e1gina es exclusivamente la de informar al usuario sobre la existencia de otras fuentes de informaci\u00f3n sobre la materia en Internet, donde podr\u00e1 ampliar los datos ofrecidos en esta web. Dichos enlaces no suponen ninguna sugerencia, invitaci\u00f3n ni recomendaci\u00f3n para la visita de los lugares de destino, y por ello, <strong>Amaika<\/strong> no ser\u00e1 responsable del resultado obtenido de la utilizaci\u00f3n de dichos enlaces hipertextuales. En ninguna circunstancia <strong>Amaika<\/strong> ser\u00e1 responsable ante terceros por cualquier da\u00f1o directo o indirecto, econ\u00f3mico, p\u00e9rdida de clientela o p\u00e9rdida de ganancia, resultado del uso de <a href=\"https:\/\/amaikapruebak.gege.es\" target=\"_self\" rel=\"noopener\"><strong>amaika.eus<\/strong><\/a>.<\/p>\n<p>En caso de que existan foros, en el uso de estos u otros espacios an\u00e1logos, ha de tenerse en cuenta que, los mensajes reflejan \u00fanicamente la opini\u00f3n del usuario que los remite, que es el \u00fanico responsable. <strong>Amaika<\/strong>\u00a0no se hace responsable del contenido de los mensajes enviados por el usuario.<\/p>\n<p><strong>MODIFICACI\u00d3N DE ESTE AVISO LEGAL Y DURACI\u00d3N<\/strong><\/p>\n<p><strong>P\u00e1del 21\u00a0<\/strong>se reserva el derecho de realizar sin previo aviso las modificaciones que considere oportunas en su portal, aludiendo cambiar, suprimir o a\u00f1adir tanto los contenidos y servicios que se presten a trav\u00e9s de esta como la forma en la que \u00e9stos aparezcan presentados o localizados en su portal.<\/p>\n<p>La vigencia de las citadas condiciones ir\u00e1 en funci\u00f3n de su exposici\u00f3n y estar\u00e1n vigentes hasta que sean modificadas por otras debidamente publicadas.<\/p>\n<p><strong>ENLACES<\/strong><\/p>\n<p>En el caso de que en <a href=\"https:\/\/amaikapruebak.gege.es\" target=\"_self\" rel=\"noopener\"><strong>amaika.eus<\/strong><\/a>\u00a0se incluyesen enlaces o hiperv\u00ednculos a otros sitios de Internet, el titular no ejercer\u00e1 ning\u00fan tipo de control sobre dichos sitios y contenidos. En ning\u00fan caso el titular asumir\u00e1 responsabilidad alguna por los contenidos de alg\u00fan enlace perteneciente a un sitio web ajeno, ni garantizar\u00e1 la disponibilidad t\u00e9cnica, calidad, fiabilidad, exactitud, amplitud, veracidad, validez y constitucionalidad de cualquier material o informaci\u00f3n contenido en ning\u00fan de dichos hiperv\u00ednculos u otros sitios de Internet. Igualmente, la inclusi\u00f3n de estas conexiones externas no implicar\u00e1 ning\u00fan tipo de asociaci\u00f3n, fusi\u00f3n o participaci\u00f3n con las entidades conectadas.<\/p>\n<p><strong>DERECHO DE EXCLUSI\u00d3N<\/strong><\/p>\n<p><strong>Amaika<\/strong>, se reserva el derecho a denegar o retirar el acceso al portal y\/o los servicios ofrecidos sin necesidad de advertencia previa, a instancia propia o de un tercero, a aquellos usuarios que incumplan el consentido de este aviso legal.<\/p>\n<p><strong>GENERALIDADES<\/strong><\/p>\n<p><strong>Amaika<\/strong> perseguir\u00e1 el incumplimiento de estas condiciones, as\u00ed como cualquier utilizaci\u00f3n indebida de su portal ejerciendo todas las acciones civiles y penales que le puedan corresponder en derecho.<\/p>\n<p><strong>LEGISLACI\u00d3N APLICABLE Y JURISDICCI\u00d3N<\/strong><\/p>\n<p>La relaci\u00f3n entre <strong>Amaika<\/strong>\u00a0y el usuario se regir\u00e1 por la normativa espa\u00f1ola vigente. Todas las disputas y reclamaciones derivadas de este aviso legal se resolver\u00e1n por juzgados y tribunales competentes.<\/p>\n","protected":false},"excerpt":{"rendered":"<p>DATOS IDENTIFICATIVOS Est\u00e1 visitando la p\u00e1gina web\u00a0amaika.eus\u00a0, cuyo titular es\u00a0Amaika. Datos del titular son: Titular:\u00a0M\u00aa Carmen Irastorza Alustia y otro Cb Nif:\u00a0E75191338 Domicilio Social:\u00a0Gudari 9 bajo, 20400 Tolosa, Gipuzkoa. Tel\u00e9fono: 943 655 675 Correo electr\u00f3nico:\u00a0amaika@amaika.eus &nbsp; HOSPEDAJE WEB Hospedajes y Dominios S.L Calle Obispo Osmundo n-7-4-B 24400 Ponferrada (Le\u00f3n) CONDICIONES DE USO El uso del [&hellip;]<\/p>\n","protected":false},"author":1,"featured_media":0,"parent":0,"menu_order":0,"comment_status":"closed","ping_status":"closed","template":"template\/template-page.php","meta":{"footnotes":""},"class_list":["post-19655","page","type-page","status-publish","hentry"],"aioseo_notices":[],"_links":{"self":[{"href":"https:\/\/amaikapruebak.gege.es\/eus\/wp-json\/wp\/v2\/pages\/19655","targetHints":{"allow":["GET"]}}],"collection":[{"href":"https:\/\/amaikapruebak.gege.es\/eus\/wp-json\/wp\/v2\/pages"}],"about":[{"href":"https:\/\/amaikapruebak.gege.es\/eus\/wp-json\/wp\/v2\/types\/page"}],"author":[{"embeddable":true,"href":"https:\/\/amaikapruebak.gege.es\/eus\/wp-json\/wp\/v2\/users\/1"}],"replies":[{"embeddable":true,"href":"https:\/\/amaikapruebak.gege.es\/eus\/wp-json\/wp\/v2\/comments?post=19655"}],"version-history":[{"count":4,"href":"https:\/\/amaikapruebak.gege.es\/eus\/wp-json\/wp\/v2\/pages\/19655\/revisions"}],"predecessor-version":[{"id":19794,"href":"https:\/\/amaikapruebak.gege.es\/eus\/wp-json\/wp\/v2\/pages\/19655\/revisions\/19794"}],"wp:attachment":[{"href":"https:\/\/amaikapruebak.gege.es\/eus\/wp-json\/wp\/v2\/media?parent=19655"}],"curies":[{"name":"wp","href":"https:\/\/api.w.org\/{rel}","templated":true}]}}